{"id":178,"date":"2020-08-17T11:50:57","date_gmt":"2020-08-17T09:50:57","guid":{"rendered":"https:\/\/s1620.eu\/?page_id=178"},"modified":"2020-08-28T11:24:15","modified_gmt":"2020-08-28T09:24:15","slug":"datenschutzerklaerung-2","status":"publish","type":"page","link":"https:\/\/s1620.eu\/pl\/datenschutzerklaerung-2\/","title":{"rendered":"(Deutsch) Datenschutzerkl\u00e4rung"},"content":{"rendered":"<p><strong>Podstawowe<\/strong><\/p>\n\n\n\n<p>(t\u0142umaczenie z j\u0119zyka niemieckiego)<\/p>\n\n\n\n<p>Niniejsze o\u015bwiadczenie o ochronie danych ma na celu poinformowanie u\u017cytkownik\u00f3w tej strony internetowej o rodzaju, zakresie i celu gromadzenia i wykorzystywania danych osobowych przez operatora strony internetowej, czyli Pommersches Landesmuseum, Kulturreferat f\u00fcr Pommern und Ostbrandenburg. Operator strony bardzo powa\u017cnie odnosi si\u0119 do ochrony danych i traktuje dane osobowe u\u017cytkownik\u00f3w jako poufne i przestrzega przepisy prawa. W zwi\u0105zku z nowymi technologiami i ci\u0105g\u0142ym rozwojem tej strony internetowej mog\u0105 nast\u0105pi\u0107 zmiany w niniejszym o\u015bwiadczeniu o ochronie danych, zalecamy regularne czytanie o\u015bwiadczenia o ochronie danych. Definicje u\u017cytych termin\u00f3w (np. \u201eDane osobowe\u201d lub \u201eprzetwarzanie\u201d) mo\u017cna znale\u017a\u0107 w art. 4\u00a0Datenschutz-Grundverordnung(DSGVO).<br><br><strong>Dane dost\u0119pu<\/strong><\/p>\n\n\n\n<p>Jako operator strony internetowej lub dostawca strony, zbieramy dane o dost\u0119pie do strony internetowej na podstawie naszego prawnie uzasadnionego interesu (patrz art. 6 ust. 1 lit. f\u00a0DSGVO) zapisujemy jako \u201epliki dziennika serwera\u201d na serwerze strony. Rejestrowane s\u0105 nast\u0119puj\u0105ce dane: \u2022 odwiedzona witryna \u2022 czas dost\u0119pu \u2022 ilo\u015b\u0107 przes\u0142anych danych w bajtach \u2022 \u017ar\u00f3d\u0142o \/ odniesienie, z kt\u00f3rego uzyskano dost\u0119p do strony \u2022 u\u017cywana przegl\u0105darka \u2022 u\u017cywany system operacyjny \u2022 u\u017cywany adres IP. Pliki dziennika serwera przechowywane s\u0105 przez maksymalnie 7 dni, a nast\u0119pnie usuwane. Dane s\u0105 przechowywane ze wzgl\u0119d\u00f3w bezpiecze\u0144stwa, np. w celu wyja\u015bnienia przypadk\u00f3w nadu\u017cy\u0107. Je\u015bli dane musz\u0105 by\u0107 przechowywane ze wzgl\u0119d\u00f3w dowodowych, nie mo\u017cna ich usun\u0105\u0107 do czasu ostatecznego rozwi\u0105zania incydentu.<br><br><strong>Pomiar zasi\u0119gu i pliki cookie\u00a0<\/strong><\/p>\n\n\n\n<p>Ta strona internetowa wykorzystuje pliki cookie do pseudonimowego pomiaru zasi\u0119gu, kt\u00f3re s\u0105 przesy\u0142ane do przegl\u0105darki u\u017cytkownika z naszego serwera lub serwera zewn\u0119trznego. Pliki cookie to ma\u0142e pliki, kt\u00f3re s\u0105 przechowywane na urz\u0105dzeniu u\u017cytkownik\u00f3w. Przegl\u0105darka u\u017cytkownika&nbsp;&nbsp;uzyskuje dost\u0119p do tych plik\u00f3w. Stosowanie plik\u00f3w cookie zwi\u0119ksza przyjazno\u015b\u0107 dla u\u017cytkownika i bezpiecze\u0144stwo tej witryny. Je\u015bli nie chcesz, aby pliki cookie do pomiaru zasi\u0119gu by\u0142y zapisywane na Twoim urz\u0105dzeniu, mo\u017cesz sprzeciwi\u0107 si\u0119 wykorzystaniu tych plik\u00f3w tutaj: \u2022 Strona dezaktywacji plik\u00f3w cookie w ramach internetowej inicjatywy reklamowej: http:\/\/optout.networkadvertising.org\/?c=1#!\/ \u2022 Cookie &#8211; Strona dezaktywacji ameryka\u0144skiej witryny internetowej: http:\/\/optout.aboutads.info\/?c=2#!\/ \u2022 Strona dezaktywacji plik\u00f3w cookie w europejskiej witrynie internetowej: http:\/\/optout.networkadvertising.org\/?c=1#!\/ Popularne przegl\u0105darki oferuj\u0105 opcj\u0119 blokowania plik\u00f3w cookie.&nbsp;<\/p>\n\n\n\n<p>Uwaga: nie ma gwarancji, \u017ce b\u0119dziesz w stanie uzyska\u0107 dost\u0119p do wszystkich funkcji tej witryny bez ogranicze\u0144, je\u015bli dokonasz odpowiednich ustawie\u0144.<br><br><strong>Gromadzenie i przetwarzanie danych osobowych\u00a0<\/strong><\/p>\n\n\n\n<p>Operator serwisu zbiera, wykorzystuje i przekazuje dane osobowe u\u017cytkownik\u00f3w tylko wtedy, gdy jest to dozwolone przez prawo lub je\u015bli u\u017cytkownik wyrazi zgod\u0119 na gromadzenie danych. Dane osobowe to wszystkie informacje, kt\u00f3re s\u0142u\u017c\u0105 do identyfikacji osoby&nbsp;&nbsp;u\u017cytkownika i kt\u00f3re mo\u017cna powi\u0105za\u0107 z u\u017cytkownikiem &#8211; na przyk\u0142ad imi\u0119 i nazwisko, adres e-mail i numer telefonu. Mo\u017cesz r\u00f3wnie\u017c odwiedzi\u0107 t\u0119 witryn\u0119 bez podawania danych osobowych. Jednak w celu ulepszenia naszej oferty online zapisujemy na tej stronie dane dost\u0119powe u\u017cytkownik\u00f3w (bez osobistego odniesienia). Te dane dost\u0119powe to np. za\u017c\u0105dany plik lub nazwa dostawcy Internetu. Dzi\u0119ki anonimizacji danych nie jest mo\u017cliwe wyci\u0105gni\u0119cie wniosk\u00f3w na temat osoby u\u017cytkownika.<br><br><\/p>\n\n\n\n<p><strong>Post\u0119powanie z danymi kontaktowymi\u00a0<\/strong><\/p>\n\n\n\n<p>Je\u015bli skontaktujesz si\u0119 z nami jako operatorem strony internetowej za po\u015brednictwem oferowanych opcji kontaktowych, Twoje dane zostan\u0105 zapisane, aby mo\u017cna by\u0142o je wykorzysta\u0107 do przetworzenia i udzielenia odpowiedzi na Twoje zapytanie. Dane te nie b\u0119d\u0105 przekazywane osobom trzecim bez Twojej zgody.<br><br>Obs\u0142uga komentarzy i artyku\u0142\u00f3w&nbsp;<\/p>\n\n\n\n<p>Je\u015bli zostawisz wpis lub komentarz na tej stronie, Tw\u00f3j adres IP zostanie zapisany. Odbywa si\u0119 to na podstawie naszych prawnie uzasadnionych interes\u00f3w w rozumieniu art. 6 ust. 1 lit. fa. DSGVO i s\u0142u\u017cy bezpiecze\u0144stwu nas jako operatora strony internetowej: je\u015bli Tw\u00f3j komentarz narusza obowi\u0105zuj\u0105ce prawo, mo\u017cemy zosta\u0107 poci\u0105gni\u0119ci do odpowiedzialno\u015bci karnej, dlatego interesuje nas to\u017csamo\u015b\u0107 autora komentarza lub artyku\u0142u.<br><br><strong>Google Analytics\u00a0<\/strong><\/p>\n\n\n\n<p>Ta strona korzysta ze wzgl\u0119du na nasze prawnie uzasadnione interesy do optymalizacji i analizy naszej oferty online w rozumieniu Art. 6 ust. 1 lit. fa. DSGVO z us\u0142ugi \u201eGoogle Analytics\u201d oferowanej przez Google Inc. (1600 Amphitheatre Parkway Mountain View, CA 94043, USA). Serwis (Google Analytics) wykorzystuje pliki \u201ecookies\u201d &#8211; pliki tekstowe, kt\u00f3re s\u0105 zapisywane na urz\u0105dzeniu u\u017cytkownika. Informacje zbierane przez pliki cookie s\u0105 zwykle wysy\u0142ane na serwer Google w USA i tam przechowywane. Firma Google LLC przestrzega europejskiego prawa o ochronie danych i jest certyfikowana zgodnie z umow\u0105 o ochronie prywatno\u015bci: https:\/\/www.privacyshield.gov\/participant?id=a2zt000000001L5AAI&amp;status=&nbsp;<\/p>\n\n\n\n<p>Na tej stronie internetowej stosowana jest aktywna anonimizacja adresu IP. Adresy IP u\u017cytkownik\u00f3w s\u0105 skracane w pa\u0144stwach cz\u0142onkowskich UE i Europejskiego Obszaru Gospodarczego oraz w innych pa\u0144stwach w kt\u00f3rych obowi\u0105zuje ta umowa. Tylko w pojedynczych przypadkach adres IP jest pocz\u0105tkowo przesy\u0142any w ca\u0142o\u015bci na serwer Google w USA i tam skracany. To skr\u00f3cenie eliminuje osobiste odniesienie do adresu IP. Adres IP u\u017cytkownika przesy\u0142any przez przegl\u0105dark\u0119 nie jest \u0142\u0105czony z innymi danymi przechowywanymi przez Google. W ramach umowy dotycz\u0105cej danych kontraktowych, kt\u00f3r\u0105 jako operator strony zawarli\u015bmy z Google Inc., Google Inc. wykorzystuje zebrane informacje do oceny aktywno\u015bci na stronach internetowych i korzystania ze strony internetowej oraz \u015bwiadczy us\u0142ugi zwi\u0105zane z korzystaniem z Internetu. Dane zbierane przez Google w naszym imieniu s\u0142u\u017c\u0105 do oceny korzystania z naszej oferty online przez indywidualnych u\u017cytkownik\u00f3w, np. do tworzenia raport\u00f3w dotycz\u0105cych aktywno\u015bci w serwisie w celu ulepszania naszej oferty online. Masz mo\u017cliwo\u015b\u0107 zablokowania przechowywania plik\u00f3w cookies na swoim urz\u0105dzeniu poprzez odpowiednie ustawienia w swojej przegl\u0105darce. Nie ma gwarancji, \u017ce b\u0119dziesz w stanie uzyska\u0107 dost\u0119p do wszystkich funkcji tej witryny bez ogranicze\u0144, je\u015bli Twoja przegl\u0105darka nie zezwala na pliki cookie. Mo\u017cesz tak\u017ce u\u017cy\u0107 wtyczki przegl\u0105darki, aby zapobiec przesy\u0142aniu informacji zbieranych przez pliki cookie (w tym Twojego adresu IP) do Google Inc. i wykorzystywaniu przez Google Inc. Poni\u017cszy link prowadzi do odpowiedniej wtyczki: https:\/\/tools.google.com\/dlpage\/gaoptout?hl=de&nbsp;<\/p>\n\n\n\n<p>Alternatywnie mo\u017cesz uniemo\u017cliwi\u0107 korzystanie z Google Analytics, klikaj\u0105c ten link (UWAGA: wstaw&nbsp;Opt-Out-Link) ta strona internetowa zbiera dane o Tobie. Klikaj\u0105c powy\u017cszy link, pobierasz \u201eplik cookie rezygnacji\u201d. Dlatego Twoja przegl\u0105darka musi generalnie zezwala\u0107 na przechowywanie plik\u00f3w cookie. Je\u015bli regularnie usuwasz pliki cookie, b\u0119dziesz musia\u0142 klikn\u0105\u0107 link za ka\u017cdym razem, gdy odwiedzasz t\u0119 witryn\u0119. Wi\u0119cej informacji na temat wykorzystania danych przez Google Inc. mo\u017cna znale\u017a\u0107: \u2022 https:\/\/policies.google.com\/privacy\/partners?hl=de (dane zbierane przez partner\u00f3w Google) \u2022 https:\/\/adssettings.google .de \/ uwierzytelnione (ustawienia dotycz\u0105ce wy\u015bwietlanych reklam) \u2022 https:\/\/policies.google.com\/technologies\/ads?hl=de (wykorzystanie plik\u00f3w cookie w reklamach)<br><br><\/p>\n\n\n\n<p>Korzystanie z wtyczek medi\u00f3w&nbsp;&nbsp;spo\u0142eczno\u015bciowych Facebooka&nbsp;<\/p>\n\n\n\n<p>Ze wzgl\u0119du na nasz prawnie uzasadniony interes polegaj\u0105cy na analizie, optymalizacji i obs\u0142udze naszej oferty online (w rozumieniu art. 6 ust. 1 lit. f RODO) ta strona korzysta z wtyczki spo\u0142eczno\u015bciowej Facebooka , kt\u00f3ry jest obs\u0142ugiwany przez Facebook Inc. (1 Hacker Way, Menlo Park, California 94025, USA). Integracj\u0119 wtyczki mo\u017cna rozpozna\u0107 po logo Facebooka lub po terminach \u201eLubi\u0119 to\u201d, \u201eLubi\u0119\u201d, \u201eUdost\u0119pnij\u201d w kolorach Facebooka (niebiesko-bia\u0142y). Informacje o wszystkich wtyczkach Facebooka mo\u017cna znale\u017a\u0107 pod nast\u0119puj\u0105cym linkiem: https:\/\/developers.facebook.com\/docs\/plugins\/ Facebook Inc. przestrzega europejskiego prawa o ochronie danych i posiada certyfikat zgodno\u015bci z umow\u0105 o ochronie prywatno\u015bci: https: \/\/&nbsp;<a href=\"http:\/\/www.privacyshield.gov\/participant?id=a2zt0000000GnywAAC&amp;status=Active\">www.privacyshield.gov\/participant?id=a2zt0000000GnywAAC&amp;status=Active<\/a><\/p>\n\n\n\n<p>Wtyczka tworzy bezpo\u015brednie po\u0142\u0105czenie mi\u0119dzy przegl\u0105dark\u0105 a serwerami Facebooka. Operator strony internetowej nie ma \u017cadnego wp\u0142ywu na charakter i zakres danych, kt\u00f3re wtyczka przesy\u0142a do serwera Facebook Inc. Mo\u017cesz znale\u017a\u0107 informacje na ten temat tutaj:&nbsp;<a href=\"https:\/\/www.facebook.com\/help\/186325668085084\">https:\/\/www.facebook.com\/help\/186325668085084<\/a><\/p>\n\n\n\n<p>Wtyczka informuje firm\u0119 Facebook Inc., \u017ce jako u\u017cytkownik odwiedzi\u0142e\u015b t\u0119 witryn\u0119. Istnieje mo\u017cliwo\u015b\u0107, \u017ce Tw\u00f3j adres IP zostanie zapisany. Je\u015bli jeste\u015b zalogowany na swoje konto na Facebooku podczas odwiedzania tej witryny, wymienione informacje b\u0119d\u0105 z ni\u0105 powi\u0105zane. Je\u015bli korzystasz z funkcji wtyczki &#8211; na przyk\u0142ad udost\u0119pniaj\u0105c lub \u201elubi\u0105c\u201d post &#8211; odpowiednie informacje s\u0105 r\u00f3wnie\u017c przesy\u0142ane do Facebook Inc. Chcesz zablokowa\u0107 Facebooka. Inc. przed po\u0142\u0105czeniem tych danych z Twoim kontem na Facebooku, wyloguj si\u0119 z Facebooka przed odwiedzeniem tej witryny i usu\u0144 zapisane pliki cookie. Mo\u017cesz u\u017cy\u0107 swojego profilu na Facebooku, aby wprowadzi\u0107 dalsze ustawienia przetwarzania danych do cel\u00f3w reklamowych lub sprzeciwi\u0107 si\u0119 wykorzystaniu Twoich danych do cel\u00f3w reklamowych. Dost\u0119p do ustawie\u0144 mo\u017cna uzyska\u0107 tutaj: \u2022 Ustawienia profilu na Facebooku: https:\/\/www.facebook.com\/ads\/preferences\/?entry_product=ad_settings_screen \u2022 Strona dezaktywacji plik\u00f3w cookie na ameryka\u0144skiej stronie internetowej: http:\/\/optout.aboutads.info\/ ? c = 2 #! \/ \u2022 Strona dezaktywacji plik\u00f3w cookie w europejskiej witrynie internetowej: http:\/\/optout.networkadvertising.org\/?c=1#!\/ Jakie dane, w jakim celu i w jakim zakresie Facebook zbiera, wykorzystuje i przetwarza oraz jakie prawa i opcje ustawie\u0144 masz, aby chroni\u0107 swoj\u0105 prywatno\u015b\u0107, mo\u017cna znale\u017a\u0107 w informacjach do polityki prywatno\u015bci Facebooka. Znajdziesz je tutaj: https:\/\/www.facebook.com\/about\/privacy\/<br><\/p>\n\n\n\n<p>Prawa u\u017cytkownika&nbsp;<\/p>\n\n\n\n<p>Jako u\u017cytkownik masz prawo za\u017c\u0105da\u0107 bezp\u0142atnych informacji o tym, jakie dane osobowe na Tw\u00f3j temat zosta\u0142y zapisane. Masz r\u00f3wnie\u017c prawo do poprawienia nieprawid\u0142owych danych oraz ograniczenia lub usuni\u0119cia swoich danych osobowych. W przypadkach. kt\u00f3rych to dotyczy mo\u017cesz r\u00f3wnie\u017c skorzysta\u0107 z prawa do przenoszenia danych. Je\u017celi uznasz, \u017ce Twoje dane by\u0142y przetwarzane niezgodnie z prawem, mo\u017cesz wnie\u015b\u0107 skarg\u0119 do w\u0142a\u015bciwego organu nadzorczego.<br><\/p>\n\n\n\n<p>Usuni\u0119cie danych&nbsp;<\/p>\n\n\n\n<p>Je\u015bli Twoje \u017c\u0105danie nie jest sprzeczne z prawnym obowi\u0105zkiem przechowywania danych (np. retencja danych), masz prawo do usuni\u0119cia swoich danych. Przechowywane przez nas dane zostan\u0105 usuni\u0119te, je\u015bli nie b\u0119d\u0105 ju\u017c potrzebne zgodnie z ich przeznaczeniem i nie bed\u0105 podlega\u0107 ustawowym okresom przechowywania. Je\u015bli usuni\u0119cia nie mo\u017cna przeprowadzi\u0107, poniewa\u017c dane s\u0105 wymagane do cel\u00f3w prawnych, przetwarzanie danych zostanie ograniczone. W takim przypadku dane zostan\u0105 zablokowane i nie b\u0119d\u0105 przetwarzane w innych celach.<br><\/p>\n\n\n\n<p>Prawo do sprzeciwu&nbsp;U\u017cytkownicy tej strony mog\u0105 w ka\u017cdej chwili skorzysta\u0107 z prawa do sprzeciwu i sprzeciwi\u0107 si\u0119 przetwarzaniu w\u0142asnych danych osobowych. Je\u015bli chcesz sprostowa\u0107, zablokowa\u0107, usun\u0105\u0107 lub uzyska\u0107 informacje o przechowywanych danych osobowych o Tobie lub je\u015bli masz jakiekolwiek pytania dotycz\u0105ce gromadzenia, przetwarzania lub wykorzystywania danych osobowych lub je\u015bli chcesz cofn\u0105\u0107 zgod\u0119, skontaktuj si\u0119 z nast\u0119puj\u0105cym adresem e-mail: Kulturreferat (at) pommersches-landesmuseum.de<\/p>","protected":false},"excerpt":{"rendered":"<p>Podstawowe (t\u0142umaczenie z j\u0119zyka niemieckiego) Niniejsze o\u015bwiadczenie o ochronie danych ma na celu poinformowanie u\u017cytkownik\u00f3w tej strony internetowej o rodzaju, zakresie i celu gromadzenia i wykorzystywania danych osobowych przez operatora strony internetowej, czyli Pommersches Landesmuseum, Kulturreferat f\u00fcr Pommern und Ostbrandenburg. Operator strony bardzo powa\u017cnie odnosi si\u0119 do ochrony danych i traktuje dane osobowe u\u017cytkownik\u00f3w jako [&hellip;]<\/p>\n","protected":false},"author":1,"featured_media":0,"parent":0,"menu_order":0,"comment_status":"closed","ping_status":"closed","template":"","meta":[],"yoast_head":"<!-- This site is optimized with the Yoast SEO plugin v14.8.1 - https:\/\/yoast.com\/wordpress\/plugins\/seo\/ -->\n<title><\/title>\n<meta name=\"robots\" content=\"index, follow\" \/>\n<meta name=\"googlebot\" content=\"index, follow, max-snippet:-1, max-image-preview:large, max-video-preview:-1\" \/>\n<meta name=\"bingbot\" content=\"index, follow, max-snippet:-1, max-image-preview:large, max-video-preview:-1\" \/>\n<link rel=\"canonical\" href=\"https:\/\/s1620.eu\/pl\/datenschutzerklaerung-2\/\" \/>\n<meta property=\"og:locale\" content=\"pl_PL\" \/>\n<meta property=\"og:type\" content=\"article\" \/>\n<meta property=\"og:title\" content=\"[:de]Datenschutzerkl\u00e4rung[:] - Akta Sydonii\" \/>\n<meta property=\"og:description\" content=\"Podstawowe (t\u0142umaczenie z j\u0119zyka niemieckiego) Niniejsze o\u015bwiadczenie o ochronie danych ma na celu poinformowanie u\u017cytkownik\u00f3w tej strony internetowej o rodzaju, zakresie i celu gromadzenia i wykorzystywania danych osobowych przez operatora strony internetowej, czyli Pommersches Landesmuseum, Kulturreferat f\u00fcr Pommern und Ostbrandenburg. Operator strony bardzo powa\u017cnie odnosi si\u0119 do ochrony danych i traktuje dane osobowe u\u017cytkownik\u00f3w jako [&hellip;]\" \/>\n<meta property=\"og:url\" content=\"https:\/\/s1620.eu\/pl\/datenschutzerklaerung-2\/\" \/>\n<meta property=\"og:site_name\" content=\"Akta Sydonii\" \/>\n<meta property=\"article:modified_time\" content=\"2020-08-28T09:24:15+00:00\" \/>\n<meta property=\"og:image\" content=\"https:\/\/s1620.eu\/wp-content\/uploads\/2020\/08\/Sidonia_start.jpg\" \/>\n\t<meta property=\"og:image:width\" content=\"1200\" \/>\n\t<meta property=\"og:image:height\" content=\"800\" \/>\n<meta name=\"twitter:card\" content=\"summary_large_image\" \/>\n<script type=\"application\/ld+json\" class=\"yoast-schema-graph\">{\"@context\":\"https:\/\/schema.org\",\"@graph\":[{\"@type\":\"WebSite\",\"@id\":\"https:\/\/s1620.eu\/pl\/#website\",\"url\":\"https:\/\/s1620.eu\/pl\/\",\"name\":\"Akta Sydonii\",\"description\":\"\",\"potentialAction\":[{\"@type\":\"SearchAction\",\"target\":\"https:\/\/s1620.eu\/pl\/?s={search_term_string}\",\"query-input\":\"required name=search_term_string\"}],\"inLanguage\":\"pl-PL\"},{\"@type\":\"WebPage\",\"@id\":\"https:\/\/s1620.eu\/pl\/datenschutzerklaerung-2\/#webpage\",\"url\":\"https:\/\/s1620.eu\/pl\/datenschutzerklaerung-2\/\",\"name\":\"[:de]Datenschutzerkl\\u00e4rung[:] - Akta Sydonii\",\"isPartOf\":{\"@id\":\"https:\/\/s1620.eu\/pl\/#website\"},\"datePublished\":\"2020-08-17T09:50:57+00:00\",\"dateModified\":\"2020-08-28T09:24:15+00:00\",\"inLanguage\":\"pl-PL\",\"potentialAction\":[{\"@type\":\"ReadAction\",\"target\":[\"https:\/\/s1620.eu\/pl\/datenschutzerklaerung-2\/\"]}]}]}<\/script>\n<!-- \/ Yoast SEO plugin. -->","_links":{"self":[{"href":"https:\/\/s1620.eu\/pl\/wp-json\/wp\/v2\/pages\/178"}],"collection":[{"href":"https:\/\/s1620.eu\/pl\/wp-json\/wp\/v2\/pages"}],"about":[{"href":"https:\/\/s1620.eu\/pl\/wp-json\/wp\/v2\/types\/page"}],"author":[{"embeddable":true,"href":"https:\/\/s1620.eu\/pl\/wp-json\/wp\/v2\/users\/1"}],"replies":[{"embeddable":true,"href":"https:\/\/s1620.eu\/pl\/wp-json\/wp\/v2\/comments?post=178"}],"version-history":[{"count":3,"href":"https:\/\/s1620.eu\/pl\/wp-json\/wp\/v2\/pages\/178\/revisions"}],"predecessor-version":[{"id":283,"href":"https:\/\/s1620.eu\/pl\/wp-json\/wp\/v2\/pages\/178\/revisions\/283"}],"wp:attachment":[{"href":"https:\/\/s1620.eu\/pl\/wp-json\/wp\/v2\/media?parent=178"}],"curies":[{"name":"wp","href":"https:\/\/api.w.org\/{rel}","templated":true}]}}